{"id":55,"date":"2026-01-28T11:00:03","date_gmt":"2026-01-28T11:00:03","guid":{"rendered":"https:\/\/evaporlan.fpcei.eu\/?page_id=55"},"modified":"2026-02-04T10:56:36","modified_gmt":"2026-02-04T10:56:36","slug":"errores-comunes","status":"publish","type":"page","link":"https:\/\/evaporlan.fpcei.eu\/?page_id=55","title":{"rendered":"Errores comunes"},"content":{"rendered":"\n<div class=\"wp-block-cover\" style=\"min-height:390px;aspect-ratio:unset;\"><img loading=\"lazy\" decoding=\"async\" width=\"624\" height=\"1024\" class=\"wp-block-cover__image-background wp-image-81\" alt=\"\" src=\"https:\/\/evaporlan.fpcei.eu\/wp-content\/uploads\/2026\/02\/Forever-Strong-6-Week-Bootcamp-_-Dr_-Gabrielle-Lyon-624x1024.jpg\" data-object-fit=\"cover\" srcset=\"https:\/\/evaporlan.fpcei.eu\/wp-content\/uploads\/2026\/02\/Forever-Strong-6-Week-Bootcamp-_-Dr_-Gabrielle-Lyon-624x1024.jpg 624w, https:\/\/evaporlan.fpcei.eu\/wp-content\/uploads\/2026\/02\/Forever-Strong-6-Week-Bootcamp-_-Dr_-Gabrielle-Lyon-183x300.jpg 183w, https:\/\/evaporlan.fpcei.eu\/wp-content\/uploads\/2026\/02\/Forever-Strong-6-Week-Bootcamp-_-Dr_-Gabrielle-Lyon.jpg 736w\" sizes=\"auto, (max-width: 624px) 100vw, 624px\" \/><span aria-hidden=\"true\" class=\"wp-block-cover__background has-background-dim\"><\/span><div class=\"wp-block-cover__inner-container is-layout-flow wp-block-cover-is-layout-flow\">\n<p class=\"has-text-align-center has-large-font-size\">Fallos m\u00e1s comunes al principio tanto en alimentaci\u00f3n como en entrenamiento<\/p>\n<\/div><\/div>\n\n\n\n<div style=\"height:100px\" aria-hidden=\"true\" class=\"wp-block-spacer\"><\/div>\n\n\n\n<div class=\"wp-block-group is-style-default has-global-padding is-layout-constrained wp-container-core-group-is-layout-72d38984 wp-block-group-is-layout-constrained\" style=\"border-style:none;border-width:0px;border-top-left-radius:0px;border-top-right-radius:0px;border-bottom-left-radius:0px;border-bottom-right-radius:0px;margin-top:0;margin-bottom:0;padding-top:0;padding-right:0;padding-bottom:0;padding-left:0\">\n<figure class=\"wp-block-table is-style-regular has-small-font-size\"><table class=\"has-fixed-layout\"><thead><tr><th><strong>Falsa Creencia<\/strong><\/th><th><strong>Explicaci\u00f3n<\/strong><\/th><\/tr><\/thead><tbody><tr><td>\u201cM\u00e1s repeticiones = m\u00e1s m\u00fasculo\u201d<\/td><td>La hipertrofia depende de <strong>tensi\u00f3n, volumen y carga<\/strong>, no solo de repeticiones altas.<\/td><\/tr><tr><td>\u201cSolo cardio quema grasa\u201d<\/td><td>La p\u00e9rdida de grasa depende de <strong>d\u00e9ficit cal\u00f3rico<\/strong>, la fuerza ayuda a <strong>mantener m\u00fasculo y metabolismo<\/strong>.<\/td><\/tr><tr><td>\u201cPuedo aislar completamente un m\u00fasculo\u201d<\/td><td>Ning\u00fan m\u00fasculo se trabaja al 100% aislado; los ejercicios compuestos siempre involucran varios m\u00fasculos.<\/td><\/tr><tr><td>\u201cNo necesito calentar\u201d<\/td><td>Saltarse el calentamiento aumenta riesgo de <strong>lesi\u00f3n y reduce rendimiento<\/strong>.<\/td><\/tr><tr><td>\u201cM\u00e1s peso siempre es mejor\u201d<\/td><td>Levantar con mala t\u00e9cnica o demasiado peso aumenta riesgo de <strong>lesiones y no asegura progreso<\/strong>.<\/td><\/tr><tr><td>\u201cSi no siento dolor, no sirve\u201d<\/td><td>El dolor no indica necesariamente que el ejercicio sea efectivo; <strong>tensi\u00f3n y activaci\u00f3n muscular son clave<\/strong>.<\/td><\/tr><tr><td>\u201cEntrenar todos los d\u00edas es mejor\u201d<\/td><td><strong>El descanso es parte del progreso<\/strong>; sin recuperaci\u00f3n, hay sobreentrenamiento.<\/td><\/tr><tr><td>\u201cLos suplementos hacen milagros\u201d<\/td><td>Suplementos <strong>no sustituyen buena dieta y entrenamiento<\/strong>, solo complementan.<\/td><\/tr><tr><td>\u201cPuedo transformar grasa en m\u00fasculo\u201d<\/td><td>La grasa y el m\u00fasculo son tejidos distintos; puedes <strong>perder grasa y ganar m\u00fasculo<\/strong>, pero no convertir uno en otro.<\/td><\/tr><tr><td>\u201cHacer abdominales quema la grasa del abdomen\u201d<\/td><td><strong>No existe la p\u00e9rdida localizada<\/strong>; la grasa se reduce seg\u00fan d\u00e9ficit cal\u00f3rico general.<\/td><\/tr><tr><td>\u201cLos estiramientos previos evitan lesiones\u201d<\/td><td>Estirar est\u00e1 bien, pero <strong>el calentamiento din\u00e1mico activa los m\u00fasculos<\/strong>, lo m\u00e1s importante para prevenir lesiones.<\/td><\/tr><tr><td>\u201cDebo entrenar solo m\u00fasculos grandes\u201d<\/td><td>Ignorar m\u00fasculos peque\u00f1os o estabilizadores debilita postura y fuerza general.<\/td><\/tr><\/tbody><\/table><\/figure>\n<\/div>\n\n\n\n<p><\/p>\n","protected":false},"excerpt":{"rendered":"<p>Falsa Creencia Explicaci\u00f3n \u201cM\u00e1s repeticiones = m\u00e1s m\u00fasculo\u201d La hipertrofia depende de tensi\u00f3n, volumen y carga, no solo de repeticiones altas. \u201cSolo cardio quema grasa\u201d La p\u00e9rdida de grasa depende de d\u00e9ficit cal\u00f3rico, la fuerza ayuda a mantener m\u00fasculo y metabolismo. \u201cPuedo aislar completamente un m\u00fasculo\u201d Ning\u00fan m\u00fasculo se trabaja al 100% aislado; los ejercicios [&hellip;]<\/p>\n","protected":false},"author":2,"featured_media":0,"parent":0,"menu_order":0,"comment_status":"closed","ping_status":"closed","template":"","meta":{"footnotes":""},"class_list":["post-55","page","type-page","status-publish","hentry"],"_links":{"self":[{"href":"https:\/\/evaporlan.fpcei.eu\/index.php?rest_route=\/wp\/v2\/pages\/55","targetHints":{"allow":["GET"]}}],"collection":[{"href":"https:\/\/evaporlan.fpcei.eu\/index.php?rest_route=\/wp\/v2\/pages"}],"about":[{"href":"https:\/\/evaporlan.fpcei.eu\/index.php?rest_route=\/wp\/v2\/types\/page"}],"author":[{"embeddable":true,"href":"https:\/\/evaporlan.fpcei.eu\/index.php?rest_route=\/wp\/v2\/users\/2"}],"replies":[{"embeddable":true,"href":"https:\/\/evaporlan.fpcei.eu\/index.php?rest_route=%2Fwp%2Fv2%2Fcomments&post=55"}],"version-history":[{"count":4,"href":"https:\/\/evaporlan.fpcei.eu\/index.php?rest_route=\/wp\/v2\/pages\/55\/revisions"}],"predecessor-version":[{"id":91,"href":"https:\/\/evaporlan.fpcei.eu\/index.php?rest_route=\/wp\/v2\/pages\/55\/revisions\/91"}],"wp:attachment":[{"href":"https:\/\/evaporlan.fpcei.eu\/index.php?rest_route=%2Fwp%2Fv2%2Fmedia&parent=55"}],"curies":[{"name":"wp","href":"https:\/\/api.w.org\/{rel}","templated":true}]}}