{"id":35,"date":"2026-01-21T10:58:27","date_gmt":"2026-01-21T10:58:27","guid":{"rendered":"https:\/\/evaporlan.fpcei.eu\/?page_id=35"},"modified":"2026-02-04T10:40:53","modified_gmt":"2026-02-04T10:40:53","slug":"como-planificar-mi-rutina","status":"publish","type":"page","link":"https:\/\/evaporlan.fpcei.eu\/?page_id=35","title":{"rendered":"\u00bfC\u00f3mo planificar mi rutina?"},"content":{"rendered":"\n<div class=\"wp-block-cover\"><img loading=\"lazy\" decoding=\"async\" width=\"735\" height=\"958\" class=\"wp-block-cover__image-background wp-image-87\" alt=\"\" src=\"https:\/\/evaporlan.fpcei.eu\/wp-content\/uploads\/2026\/02\/descarga-3.jpg\" data-object-fit=\"cover\" srcset=\"https:\/\/evaporlan.fpcei.eu\/wp-content\/uploads\/2026\/02\/descarga-3.jpg 735w, https:\/\/evaporlan.fpcei.eu\/wp-content\/uploads\/2026\/02\/descarga-3-230x300.jpg 230w\" sizes=\"auto, (max-width: 735px) 100vw, 735px\" \/><span aria-hidden=\"true\" class=\"wp-block-cover__background has-background-dim\"><\/span><div class=\"wp-block-cover__inner-container is-layout-flow wp-block-cover-is-layout-flow\">\n<p class=\"has-text-align-center has-large-font-size\"><\/p>\n<\/div><\/div>\n\n\n\n<p>Primero, vamos a entender c\u00f3mo funcionan nuestros m\u00fasculos esquel\u00e9ticos, que son los protagonistas de nuestra rutina:<\/p>\n\n\n\n<p>Tras un entrenamiento de fuerza, el objetivo es realizar el esfuerzo \u00f3ptimo para conseguir micro roturas en las fibras del m\u00fasculo y poder \u00abrellenarlas\u00bb con la ingesta de prote\u00edna y en general una dieta variada. <\/p>\n\n\n\n<p>Si el objetivo es conseguir esas roturas, necesitamos levantar un peso que nos permita: romper las fibras y hacer una buena t\u00e9cnica, eso se consigue encontrando un buen balance. Aparte, si queremos que la recuperaci\u00f3n de estas sea \u00f3ptima, necesitamos dejar que el m\u00fasculo descanse entre 48h a 72h. <\/p>\n\n\n\n<p>Con lo cual, ya tenemos que: <\/p>\n\n\n\n<ol class=\"wp-block-list\">\n<li class=\"has-small-font-size\">Descansar m\u00ednimo 48h.<\/li>\n\n\n\n<li class=\"has-small-font-size\">Aplicar el esfuerzo m\u00ednimo para conseguir micro roturas en las fibras.<\/li>\n\n\n\n<li class=\"has-small-font-size\">Buena t\u00e9cnica.<\/li>\n<\/ol>\n\n\n\n<p>Siguiendo estas pautas vamos a aprender como hacer nuestra rutina:<\/p>\n\n\n\n<p>1. Vamos a agrupar en bloques los m\u00fasculos que ejercitamos cuando realizamos ejercicios compuestos (que emplean varias m\u00fasculos)<\/p>\n\n\n\n<p>Espalda\/B\u00edceps<\/p>\n\n\n\n<p>Pecho\/Hombro\/Tr\u00edceps<\/p>\n\n\n\n<p>Pierna (gl\u00fateo y femoral \/ gl\u00fateo y cu\u00e1driceps)<\/p>\n\n\n\n<p>Core<\/p>\n\n\n\n<p>2. Cantidad efectiva de series y repticiones.<\/p>\n\n\n\n<p>Seg\u00fan varios estudios las series m\u00e1s efectivas son las que te permiten hacer un rango de 6-8 repeticiones, es decir, usar un peso que te permita ese rango.<\/p>\n\n\n\n<p>EL n\u00famero de series son 3; 3 series de un ejercicio con 6-8 repeticiones.<\/p>\n\n\n\n<p>RUTINA: <\/p>\n\n\n\n<p>Ya sabiendo la divisi\u00f3n de los m\u00fasculos, la cantidad de series y repeticiones, y el tiempo de descanso, podemos hacer NUESTRA RUTINA. A continuaci\u00f3n ver\u00e1s todos los ejercicios m\u00e1s efectivos de cada grupo muscular, entre los cuales tu debes seleccionar 2\/3 por m\u00fasculo para no completar cada d\u00eda m\u00e1s de 6 ejercicios y que sea efectivo el entrenamiento. Por otro lado tambi\u00e9n depende de nuestro objetivo y tiempo disponible, lo ideal son 5-6 d\u00edas. <\/p>\n\n\n\n<div class=\"wp-block-group is-style-default is-vertical is-layout-flex wp-container-core-group-is-layout-fe9cc265 wp-block-group-is-layout-flex\">\n<p>Mayor intenci\u00f3n de tren superior (idea): <\/p>\n\n\n\n<p>D\u00eda 1 Espalda B\u00edceps<\/p>\n\n\n\n<p>D\u00eda 2 Pecho Tr\u00edceps<\/p>\n\n\n\n<p>D\u00eda 3 Pierna + core<\/p>\n\n\n\n<p>D\u00eda 4 Hombro Espalda<\/p>\n\n\n\n<p>D\u00eda 5 Pecho Tr\u00edceps<\/p>\n\n\n\n<p>D\u00eda 6 Cardio<\/p>\n\n\n\n<p>Mayor intenci\u00f3n de tren inferior (idea):<\/p>\n\n\n\n<p>D\u00eda 1 Gl\u00fateo Femoral * core<\/p>\n\n\n\n<p>D\u00eda 2 Espalda B\u00edceps<\/p>\n\n\n\n<p>D\u00eda 3 Pecho Hombro Tr\u00edceps<\/p>\n\n\n\n<p>D\u00eda 4 Gl\u00fateo Femoral * core<\/p>\n\n\n\n<p>D\u00eda 5 Cuadr\u00edceps<\/p>\n\n\n\n<p>D\u00eda 6 Cardio * core<\/p>\n<\/div>\n\n\n\n<p>ORDEN: Por \u00faltimo, se debe tener en cuenta el orden de los ejercicios, deben ser de m\u00e1s compuestos a m\u00e1s aislados, es decir, si trabajo gl\u00fateo empiezo con hip trust y peso muerto que engloba a m\u00e1s y termino con patada lateral, que es m\u00e1s focalizada.<\/p>\n\n\n\n<div class=\"wp-block-cover\"><img loading=\"lazy\" decoding=\"async\" width=\"736\" height=\"736\" class=\"wp-block-cover__image-background wp-image-88\" alt=\"\" src=\"https:\/\/evaporlan.fpcei.eu\/wp-content\/uploads\/2026\/02\/descarga-4.jpg\" data-object-fit=\"cover\" srcset=\"https:\/\/evaporlan.fpcei.eu\/wp-content\/uploads\/2026\/02\/descarga-4.jpg 736w, https:\/\/evaporlan.fpcei.eu\/wp-content\/uploads\/2026\/02\/descarga-4-300x300.jpg 300w, https:\/\/evaporlan.fpcei.eu\/wp-content\/uploads\/2026\/02\/descarga-4-150x150.jpg 150w\" sizes=\"auto, (max-width: 736px) 100vw, 736px\" \/><span aria-hidden=\"true\" class=\"wp-block-cover__background has-background-dim\"><\/span><div class=\"wp-block-cover__inner-container is-layout-flow wp-block-cover-is-layout-flow\">\n<p class=\"has-text-align-center has-large-font-size\"><\/p>\n<\/div><\/div>\n\n\n\n<figure class=\"wp-block-table has-small-font-size\"><table class=\"has-fixed-layout\"><tbody><tr><td>Espalda<br>Para trabajar amplitud: agarre abierto, trabajar densidad agarre cerrado.<\/td><td>&#8211; Jal\u00f3n al pecho (agarre cerrado neutro, agarre abierto, agarre abierto neutro)<br>&#8211; Remo o remo unilateral, en polea, libre o m\u00e1quina. (agarre abierto, agarre cerrado)<br>&#8211; Dominadas: asistidas o con lastre dependiendo de tu nivel.<\/td><\/tr><tr><td>B\u00edceps<br>Este cuenta con dos cabezas, podemos trabajar las tres de manera unilateral o alg\u00fan ejercicio que englobe varias.<br>ELEGIR DOS O TRES <br>Los destacados son aquellos que seg\u00fan evidencias cient\u00edficas son los m\u00e1s efectivos.<\/td><td>Cabeza larga: <br><em>Curl inclinado con mancuernas<\/em><br>Curl con barra agarre cerrado<br>Curl spider<br><em>Curl con polea baja detr\u00e1s<\/em> del cuerpo<br>Curl tipo drag (drag curl)<br>Cabeza corta: <br><em>Curl predicador<\/em><br>Curl con barra agarre abierto<br>Curl concentrado<br>Curl en banco Scott<br>Curl en polea baja con agarre ancho<br>AMBAS: <br><em>Curl predicador<br>Curl con barra agarre abierto<\/em><br>Curl concentrado<br>Curl en banco Scott<br><em>Curl en polea baja con agarre ancho<\/em><\/td><\/tr><tr><td>Pecho:<br>Engloba el superior, medio y bajo. Los destacados son aquellos que m\u00e1s recomiendan.<\/td><td>Superior: (\u00e1gulo de 30 y 15 grados)<br>Press inclinado con barra<br><em>Press inclinado con mancuernas<\/em><br><em>Aperturas inclinadas<\/em><br>Press en m\u00e1quina inclinado<br>Cruces en polea de abajo hacia arriba<br>Medio: (movimientos horizontales)<br><em>Press banca plano con barra<\/em><br>Press plano con mancuernas<br>Aperturas planas<br>Press en m\u00e1quina pecho<br>Cruces en poleas a la altura del pecho<br>Inferior: (movimientos descendientes)<br>Press declinado con barra<br>Press declinado con mancuernas<br>Fondos en paralelas inclinando el torso<br><em>Cruces en polea de arriba hacia abajo<\/em><br>Flexiones declinadas<\/td><\/tr><tr><td>Hombro: Se divide en<br><strong>Deltoide anterior<\/strong> (frontal)<br><strong>Deltoide lateral<\/strong> (medio)<br><strong>Deltoide posterior<\/strong> (trasero)<br>ELEGIR DOS o TRES<\/td><td>Deltoide anterior: <br><em>Press militar con barra<\/em><br>Press con mancuernas<br>Elevaciones frontales con disco o mancuernas<br>Press Arnold<br>Elevaciones frontales en polea<br>Lateral:<br>Press militar con barra<br>Press con mancuernas<br><em>Elevaciones frontales con disco o mancuernas<\/em><br>Press Arnold<br>Elevaciones frontales en polea<br>Posterior:<br>Face pull (imprescindible)<br>P\u00e1jaros con mancuernas<br>P\u00e1jaros en banco inclinado<br><em>Reverse pec deck<\/em><br>Remo alto con agarre abierto y ligero<\/td><\/tr><tr><td>Tr\u00edceps: Se divide en<br>Cabeza larga (la m\u00e1s grande)<br>Cabeza lateral (la externa, \u201cherradura\u201d)<br>Cabeza medial (profunda, soporte)<\/td><td>Cabeza larga:<br><em>Extensi\u00f3n de tr\u00edceps por encima de la cabeza (mancuerna, barra o polea)<br>Press franc\u00e9s<br>Extensi\u00f3n en polea alta con cuerda desde atr\u00e1s<\/em><br>Fondos con \u00e9nfasis en tr\u00edceps<br>Cabeza lateral:<br>Pushdown en polea con barra<br>Fondos en paralelas<br>Press banca agarre cerrado<br>Extensi\u00f3n de tr\u00edceps con barra recta<br>Flexiones cerradas<br>Cabeza medial:<br>Pushdown agarre inverso<br>Extensi\u00f3n de tr\u00edceps a una mano<br>Fondos asistidos<br>Press cerrado ligero y controlado<br>TODO: <br><em>Press banca agarre cerrado <br>Fondos en paralelas<br>Flexiones diamante<\/em><br>Pushdown cl\u00e1sico<br>Press franc\u00e9s<\/td><\/tr><tr><td>Gl\u00fateo: Se divide<br>Gl\u00fateo mayor: volumen y fuerza<br>Gl\u00fateo medio: forma lateral y estabilidad<br>Gl\u00fateo menor: estabilidad profunda (acompa\u00f1a al medio)<\/td><td>Mayor: <br><em>Hip thrust<\/em><br>Sentadilla profunda<br>Peso muerto rumano<br>Peso muerto sumo<br>Zancadas largas<br>Step-ups altos<br>Medio: <br>Abducciones de cadera en polea o banda<br>Caminata lateral con banda<br><em>Sentadilla b\u00falgara<\/em><br>Step-down<br>Monster walks<br>Menor: <br>Elevaciones laterales de pierna<br>Sentadilla a una pierna<br><em>Zancadas caminando<\/em><br><\/td><\/tr><tr><td>Femoral: Se encuentra dividido en 3 partes pero en la gran mayor\u00eda de ejercicios se trabajan a la vez.<\/td><td><em>Peso muerto rumano \/ stiff leg <\/em><br>Curl femoral tumbado<br>Good mornings<br>Peso muerto sumo<br>Hip thrust con enfoque posterior de<strong> <\/strong>pierna<\/td><\/tr><tr><td>Cu\u00e1driceps: Se encuentra dividido en 4 partes pero en la gran mayor\u00eda de ejercicios se trabajan a la vez.<\/td><td>Sentadilla (frontal o trasera) <br>Prensa de piernas<br>Zancadas \/ lunges<br>Hack squat<br>Extensiones de pierna<\/td><\/tr><tr><td>Core: <br>El core incluye<br>Recto abdominal: \u201csix-pack\u201d, flexi\u00f3n de tronco<br>Oblicuos internos y externos: torsi\u00f3n y estabilidad lateral<br>Transverso abdominal: cors\u00e9 profundo, estabilidad<br><\/td><td>Six pack:<br>Crunches o crunches con m\u00e1quina<br>Elevaciones de piernas colgado o tumbado<br>Sit-ups (con control)<br>Rodillo abdominal \/ ab wheel<br>Flexiones de tronco en polea alta<br>Oblicuos:<br>Russian twists<br>Side crunches<br>Woodchoppers en cable\/polea<br>Trasverso: <br>Hollow hold \/ hollow body<br>Planchas frontales y laterales<br>Dead bug<br>Pallof press (cable o banda)<br><\/td><\/tr><\/tbody><\/table><\/figure>\n\n\n\n<p>CON TODA ESTA INFORMACI\u00d3N SER\u00c1S CAPAZ DE CRAR TU RUTINA SIGUIENDO LAS PAUTAS<\/p>\n\n\n\n<p class=\"has-small-font-size\"><\/p>\n","protected":false},"excerpt":{"rendered":"<p>Primero, vamos a entender c\u00f3mo funcionan nuestros m\u00fasculos esquel\u00e9ticos, que son los protagonistas de nuestra rutina: Tras un entrenamiento de fuerza, el objetivo es realizar el esfuerzo \u00f3ptimo para conseguir micro roturas en las fibras del m\u00fasculo y poder \u00abrellenarlas\u00bb con la ingesta de prote\u00edna y en general una dieta variada. Si el objetivo es [&hellip;]<\/p>\n","protected":false},"author":2,"featured_media":0,"parent":0,"menu_order":0,"comment_status":"closed","ping_status":"closed","template":"","meta":{"footnotes":""},"class_list":["post-35","page","type-page","status-publish","hentry"],"_links":{"self":[{"href":"https:\/\/evaporlan.fpcei.eu\/index.php?rest_route=\/wp\/v2\/pages\/35","targetHints":{"allow":["GET"]}}],"collection":[{"href":"https:\/\/evaporlan.fpcei.eu\/index.php?rest_route=\/wp\/v2\/pages"}],"about":[{"href":"https:\/\/evaporlan.fpcei.eu\/index.php?rest_route=\/wp\/v2\/types\/page"}],"author":[{"embeddable":true,"href":"https:\/\/evaporlan.fpcei.eu\/index.php?rest_route=\/wp\/v2\/users\/2"}],"replies":[{"embeddable":true,"href":"https:\/\/evaporlan.fpcei.eu\/index.php?rest_route=%2Fwp%2Fv2%2Fcomments&post=35"}],"version-history":[{"count":6,"href":"https:\/\/evaporlan.fpcei.eu\/index.php?rest_route=\/wp\/v2\/pages\/35\/revisions"}],"predecessor-version":[{"id":89,"href":"https:\/\/evaporlan.fpcei.eu\/index.php?rest_route=\/wp\/v2\/pages\/35\/revisions\/89"}],"wp:attachment":[{"href":"https:\/\/evaporlan.fpcei.eu\/index.php?rest_route=%2Fwp%2Fv2%2Fmedia&parent=35"}],"curies":[{"name":"wp","href":"https:\/\/api.w.org\/{rel}","templated":true}]}}